{"id":720,"date":"2024-02-18T11:00:10","date_gmt":"2024-02-18T10:00:10","guid":{"rendered":"https:\/\/madeiralovers.com\/a-propos-delisa-grosset\/"},"modified":"2025-09-03T10:30:02","modified_gmt":"2025-09-03T09:30:02","slug":"a-propos-delisa-grosset","status":"publish","type":"page","link":"https:\/\/madeiralovers.com\/pt-pt\/a-propos-delisa-grosset\/","title":{"rendered":"Sobre Elisa GROSSET"},"content":{"rendered":"\n<p>Apresento-vos a Elisa, colaboradora da Region Lovers, uma empresa feliz que viaja pelo mundo h\u00e1 mais de 10 anos para vos trazer informa\u00e7\u00f5es certificadas, de qualidade e \u00fateis. Queremos ajud\u00e1-lo a fazer as escolhas necess\u00e1rias para construir uma viagem \u00e0 sua medida.<\/p>\n\n<p>A equipa cresceu ao longo dos anos, mas Elisa, como todos os autores de Region Lovers, respeita um quadro e valores, a fim de cumprir o nosso contrato de confian\u00e7a com os nossos leitores. Felizmente, por\u00e9m, cada artigo \u00e9 sempre um reflexo do seu autor e das suas paix\u00f5es.<\/p>\n<div class=\"wp-block-image\">\n<figure class=\"aligncenter size-large\"><img decoding=\"async\" src=\"https:\/\/photos.smugmug.com\/Region-Lovers\/Equipe\/i-QnrB7DM\/0\/1599e528\/L\/Elisa-L.jpg\" alt=\"\"\/><\/figure>\n<\/div>\n<h2 class=\"wp-block-heading\">A sua carreira<\/h2>\n\n<ul class=\"wp-block-list\">\n<li>Forma\u00e7\u00e3o orientada para a cultura e, mais particularmente, para o mundo do livro (mestrado em edi\u00e7\u00e3o).<\/li>\n\n\n\n<li>Experi\u00eancia profissional em editoras e consultoras.<\/li>\n\n\n\n<li>Um verdadeiro interesse em viajar (est\u00e1gio em Montreal, ano Erasmus na Esc\u00f3cia).<\/li>\n\n\n\n<li>Ela juntou-se \u00e0 aventura da Region Lovers em abril de 2023!<\/li>\n<\/ul>\n\n<p class=\"has-text-align-left\">Descubra o seu <a href=\"https:\/\/www.linkedin.com\/in\/elisa-grosset-1a1612193\/\" target=\"_blank\" rel=\"noreferrer noopener nofollow\">perfil no Linkedin<\/a><\/p>\n\n<h2 class=\"wp-block-heading\">O que gosta particularmente de escrever<\/h2>\n\n<ul class=\"wp-block-list\">\n<li>Artigos sobre os destinos com que sonha!<\/li>\n\n\n\n<li>Artigos dedicados \u00e0s actividades imperd\u00edveis de uma cidade: museus, castelos, espa\u00e7os culturais, etc.<\/li>\n\n\n\n<li>Artigos sobre os melhores restaurantes, uma vez que \u00e9 apaixonada pela gastronomia local.<\/li>\n<\/ul>\n","protected":false},"excerpt":{"rendered":"<p>Apresento-vos a Elisa, colaboradora da Region Lovers, uma empresa feliz que viaja pelo mundo h\u00e1 mais de 10 anos para vos trazer informa\u00e7\u00f5es certificadas, de qualidade e \u00fateis. Queremos ajud\u00e1-lo a fazer as escolhas necess\u00e1rias para construir uma viagem \u00e0 sua medida. A equipa cresceu ao longo dos anos, mas Elisa, como todos os autores [&hellip;]<\/p>\n","protected":false},"author":3,"featured_media":0,"parent":0,"menu_order":0,"comment_status":"closed","ping_status":"closed","template":"","meta":{"_genesis_hide_title":false,"_genesis_hide_breadcrumbs":false,"_genesis_hide_singular_image":false,"_genesis_hide_footer_widgets":false,"_genesis_custom_body_class":"","_genesis_custom_post_class":"","_genesis_layout":"","footnotes":""},"class_list":{"0":"post-720","1":"page","2":"type-page","3":"status-publish","5":"entry"},"yoast_head":"<!-- This site is optimized with the Yoast SEO plugin v27.5 - https:\/\/yoast.com\/product\/yoast-seo-wordpress\/ -->\n<title>Sobre Elisa GROSSET<\/title>\n<meta name=\"robots\" content=\"index, follow, max-snippet:-1, max-image-preview:large, max-video-preview:-1\" \/>\n<link rel=\"canonical\" href=\"https:\/\/madeiralovers.com\/pt-pt\/a-propos-delisa-grosset\/\" \/>\n<meta property=\"og:locale\" content=\"pt_PT\" \/>\n<meta property=\"og:type\" content=\"article\" \/>\n<meta property=\"og:title\" content=\"Sobre Elisa GROSSET\" \/>\n<meta property=\"og:description\" content=\"Apresento-vos a Elisa, colaboradora da Region Lovers, uma empresa feliz que viaja pelo mundo h\u00e1 mais de 10 anos para vos trazer informa\u00e7\u00f5es certificadas, de qualidade e \u00fateis. Queremos ajud\u00e1-lo a fazer as escolhas necess\u00e1rias para construir uma viagem \u00e0 sua medida. A equipa cresceu ao longo dos anos, mas Elisa, como todos os autores [&hellip;]\" \/>\n<meta property=\"og:url\" content=\"https:\/\/madeiralovers.com\/pt-pt\/a-propos-delisa-grosset\/\" \/>\n<meta property=\"og:site_name\" content=\"Madeira Lovers\" \/>\n<meta property=\"article:modified_time\" content=\"2025-09-03T09:30:02+00:00\" \/>\n<meta property=\"og:image\" content=\"https:\/\/photos.smugmug.com\/Region-Lovers\/Equipe\/i-QnrB7DM\/0\/1599e528\/L\/Elisa-L.jpg\" \/>\n<meta name=\"twitter:card\" content=\"summary_large_image\" \/>\n<meta name=\"twitter:label1\" content=\"Tempo estimado de leitura\" \/>\n\t<meta name=\"twitter:data1\" content=\"1 minuto\" \/>\n<script type=\"application\/ld+json\" class=\"yoast-schema-graph\">{\"@context\":\"https:\\\/\\\/schema.org\",\"@graph\":[{\"@type\":\"WebPage\",\"@id\":\"https:\\\/\\\/madeiralovers.com\\\/pt-pt\\\/a-propos-delisa-grosset\\\/\",\"url\":\"https:\\\/\\\/madeiralovers.com\\\/pt-pt\\\/a-propos-delisa-grosset\\\/\",\"name\":\"Sobre Elisa GROSSET\",\"isPartOf\":{\"@id\":\"https:\\\/\\\/madeiralovers.com\\\/pt-pt\\\/#website\"},\"primaryImageOfPage\":{\"@id\":\"https:\\\/\\\/madeiralovers.com\\\/pt-pt\\\/a-propos-delisa-grosset\\\/#primaryimage\"},\"image\":{\"@id\":\"https:\\\/\\\/madeiralovers.com\\\/pt-pt\\\/a-propos-delisa-grosset\\\/#primaryimage\"},\"thumbnailUrl\":\"https:\\\/\\\/photos.smugmug.com\\\/Region-Lovers\\\/Equipe\\\/i-QnrB7DM\\\/0\\\/1599e528\\\/L\\\/Elisa-L.jpg\",\"datePublished\":\"2024-02-18T10:00:10+00:00\",\"dateModified\":\"2025-09-03T09:30:02+00:00\",\"breadcrumb\":{\"@id\":\"https:\\\/\\\/madeiralovers.com\\\/pt-pt\\\/a-propos-delisa-grosset\\\/#breadcrumb\"},\"inLanguage\":\"pt-PT\",\"potentialAction\":[{\"@type\":\"ReadAction\",\"target\":[\"https:\\\/\\\/madeiralovers.com\\\/pt-pt\\\/a-propos-delisa-grosset\\\/\"]}]},{\"@type\":\"ImageObject\",\"inLanguage\":\"pt-PT\",\"@id\":\"https:\\\/\\\/madeiralovers.com\\\/pt-pt\\\/a-propos-delisa-grosset\\\/#primaryimage\",\"url\":\"https:\\\/\\\/photos.smugmug.com\\\/Region-Lovers\\\/Equipe\\\/i-QnrB7DM\\\/0\\\/1599e528\\\/L\\\/Elisa-L.jpg\",\"contentUrl\":\"https:\\\/\\\/photos.smugmug.com\\\/Region-Lovers\\\/Equipe\\\/i-QnrB7DM\\\/0\\\/1599e528\\\/L\\\/Elisa-L.jpg\"},{\"@type\":\"BreadcrumbList\",\"@id\":\"https:\\\/\\\/madeiralovers.com\\\/pt-pt\\\/a-propos-delisa-grosset\\\/#breadcrumb\",\"itemListElement\":[{\"@type\":\"ListItem\",\"position\":1,\"name\":\"In\u00edcio\",\"item\":\"https:\\\/\\\/madeiralovers.com\\\/pt-pt\\\/\"},{\"@type\":\"ListItem\",\"position\":2,\"name\":\"Sobre Elisa GROSSET\"}]},{\"@type\":\"WebSite\",\"@id\":\"https:\\\/\\\/madeiralovers.com\\\/pt-pt\\\/#website\",\"url\":\"https:\\\/\\\/madeiralovers.com\\\/pt-pt\\\/\",\"name\":\"Madeira Lovers\",\"description\":\"Pour r\u00e9veiller vos sens \u00e0 Mad\u00e8re\",\"publisher\":{\"@id\":\"https:\\\/\\\/madeiralovers.com\\\/pt-pt\\\/#organization\"},\"potentialAction\":[{\"@type\":\"SearchAction\",\"target\":{\"@type\":\"EntryPoint\",\"urlTemplate\":\"https:\\\/\\\/madeiralovers.com\\\/pt-pt\\\/?s={search_term_string}\"},\"query-input\":{\"@type\":\"PropertyValueSpecification\",\"valueRequired\":true,\"valueName\":\"search_term_string\"}}],\"inLanguage\":\"pt-PT\"},{\"@type\":\"Organization\",\"@id\":\"https:\\\/\\\/madeiralovers.com\\\/pt-pt\\\/#organization\",\"name\":\"Madeira Lovers\",\"url\":\"https:\\\/\\\/madeiralovers.com\\\/pt-pt\\\/\",\"logo\":{\"@type\":\"ImageObject\",\"inLanguage\":\"pt-PT\",\"@id\":\"https:\\\/\\\/madeiralovers.com\\\/pt-pt\\\/#\\\/schema\\\/logo\\\/image\\\/\",\"url\":\"https:\\\/\\\/madeiralovers.com\\\/wp-content\\\/uploads\\\/2024\\\/05\\\/cropped-Madeira-Lovers-Logos.png\",\"contentUrl\":\"https:\\\/\\\/madeiralovers.com\\\/wp-content\\\/uploads\\\/2024\\\/05\\\/cropped-Madeira-Lovers-Logos.png\",\"width\":2500,\"height\":554,\"caption\":\"Madeira Lovers\"},\"image\":{\"@id\":\"https:\\\/\\\/madeiralovers.com\\\/pt-pt\\\/#\\\/schema\\\/logo\\\/image\\\/\"}}]}<\/script>\n<!-- \/ Yoast SEO plugin. -->","yoast_head_json":{"title":"Sobre Elisa GROSSET","robots":{"index":"index","follow":"follow","max-snippet":"max-snippet:-1","max-image-preview":"max-image-preview:large","max-video-preview":"max-video-preview:-1"},"canonical":"https:\/\/madeiralovers.com\/pt-pt\/a-propos-delisa-grosset\/","og_locale":"pt_PT","og_type":"article","og_title":"Sobre Elisa GROSSET","og_description":"Apresento-vos a Elisa, colaboradora da Region Lovers, uma empresa feliz que viaja pelo mundo h\u00e1 mais de 10 anos para vos trazer informa\u00e7\u00f5es certificadas, de qualidade e \u00fateis. Queremos ajud\u00e1-lo a fazer as escolhas necess\u00e1rias para construir uma viagem \u00e0 sua medida. A equipa cresceu ao longo dos anos, mas Elisa, como todos os autores [&hellip;]","og_url":"https:\/\/madeiralovers.com\/pt-pt\/a-propos-delisa-grosset\/","og_site_name":"Madeira Lovers","article_modified_time":"2025-09-03T09:30:02+00:00","og_image":[{"url":"https:\/\/photos.smugmug.com\/Region-Lovers\/Equipe\/i-QnrB7DM\/0\/1599e528\/L\/Elisa-L.jpg","type":"","width":"","height":""}],"twitter_card":"summary_large_image","twitter_misc":{"Tempo estimado de leitura":"1 minuto"},"schema":{"@context":"https:\/\/schema.org","@graph":[{"@type":"WebPage","@id":"https:\/\/madeiralovers.com\/pt-pt\/a-propos-delisa-grosset\/","url":"https:\/\/madeiralovers.com\/pt-pt\/a-propos-delisa-grosset\/","name":"Sobre Elisa GROSSET","isPartOf":{"@id":"https:\/\/madeiralovers.com\/pt-pt\/#website"},"primaryImageOfPage":{"@id":"https:\/\/madeiralovers.com\/pt-pt\/a-propos-delisa-grosset\/#primaryimage"},"image":{"@id":"https:\/\/madeiralovers.com\/pt-pt\/a-propos-delisa-grosset\/#primaryimage"},"thumbnailUrl":"https:\/\/photos.smugmug.com\/Region-Lovers\/Equipe\/i-QnrB7DM\/0\/1599e528\/L\/Elisa-L.jpg","datePublished":"2024-02-18T10:00:10+00:00","dateModified":"2025-09-03T09:30:02+00:00","breadcrumb":{"@id":"https:\/\/madeiralovers.com\/pt-pt\/a-propos-delisa-grosset\/#breadcrumb"},"inLanguage":"pt-PT","potentialAction":[{"@type":"ReadAction","target":["https:\/\/madeiralovers.com\/pt-pt\/a-propos-delisa-grosset\/"]}]},{"@type":"ImageObject","inLanguage":"pt-PT","@id":"https:\/\/madeiralovers.com\/pt-pt\/a-propos-delisa-grosset\/#primaryimage","url":"https:\/\/photos.smugmug.com\/Region-Lovers\/Equipe\/i-QnrB7DM\/0\/1599e528\/L\/Elisa-L.jpg","contentUrl":"https:\/\/photos.smugmug.com\/Region-Lovers\/Equipe\/i-QnrB7DM\/0\/1599e528\/L\/Elisa-L.jpg"},{"@type":"BreadcrumbList","@id":"https:\/\/madeiralovers.com\/pt-pt\/a-propos-delisa-grosset\/#breadcrumb","itemListElement":[{"@type":"ListItem","position":1,"name":"In\u00edcio","item":"https:\/\/madeiralovers.com\/pt-pt\/"},{"@type":"ListItem","position":2,"name":"Sobre Elisa GROSSET"}]},{"@type":"WebSite","@id":"https:\/\/madeiralovers.com\/pt-pt\/#website","url":"https:\/\/madeiralovers.com\/pt-pt\/","name":"Madeira Lovers","description":"Pour r\u00e9veiller vos sens \u00e0 Mad\u00e8re","publisher":{"@id":"https:\/\/madeiralovers.com\/pt-pt\/#organization"},"potentialAction":[{"@type":"SearchAction","target":{"@type":"EntryPoint","urlTemplate":"https:\/\/madeiralovers.com\/pt-pt\/?s={search_term_string}"},"query-input":{"@type":"PropertyValueSpecification","valueRequired":true,"valueName":"search_term_string"}}],"inLanguage":"pt-PT"},{"@type":"Organization","@id":"https:\/\/madeiralovers.com\/pt-pt\/#organization","name":"Madeira Lovers","url":"https:\/\/madeiralovers.com\/pt-pt\/","logo":{"@type":"ImageObject","inLanguage":"pt-PT","@id":"https:\/\/madeiralovers.com\/pt-pt\/#\/schema\/logo\/image\/","url":"https:\/\/madeiralovers.com\/wp-content\/uploads\/2024\/05\/cropped-Madeira-Lovers-Logos.png","contentUrl":"https:\/\/madeiralovers.com\/wp-content\/uploads\/2024\/05\/cropped-Madeira-Lovers-Logos.png","width":2500,"height":554,"caption":"Madeira Lovers"},"image":{"@id":"https:\/\/madeiralovers.com\/pt-pt\/#\/schema\/logo\/image\/"}}]}},"featured_image_src":null,"featured_image_src_square":null,"_links":{"self":[{"href":"https:\/\/madeiralovers.com\/pt-pt\/wp-json\/wp\/v2\/pages\/720","targetHints":{"allow":["GET"]}}],"collection":[{"href":"https:\/\/madeiralovers.com\/pt-pt\/wp-json\/wp\/v2\/pages"}],"about":[{"href":"https:\/\/madeiralovers.com\/pt-pt\/wp-json\/wp\/v2\/types\/page"}],"author":[{"embeddable":true,"href":"https:\/\/madeiralovers.com\/pt-pt\/wp-json\/wp\/v2\/users\/3"}],"replies":[{"embeddable":true,"href":"https:\/\/madeiralovers.com\/pt-pt\/wp-json\/wp\/v2\/comments?post=720"}],"version-history":[{"count":0,"href":"https:\/\/madeiralovers.com\/pt-pt\/wp-json\/wp\/v2\/pages\/720\/revisions"}],"wp:attachment":[{"href":"https:\/\/madeiralovers.com\/pt-pt\/wp-json\/wp\/v2\/media?parent=720"}],"curies":[{"name":"wp","href":"https:\/\/api.w.org\/{rel}","templated":true}]}}