{"id":81,"date":"2024-01-20T09:23:10","date_gmt":"2024-01-20T08:23:10","guid":{"rendered":"https:\/\/madeiralovers.com\/condizioni-di-utilizzo-e-informativa-sulla-privacy\/"},"modified":"2026-04-02T15:03:28","modified_gmt":"2026-04-02T14:03:28","slug":"politiche","status":"publish","type":"page","link":"https:\/\/madeiralovers.com\/it\/politiche\/","title":{"rendered":"Avviso legale, condizioni d&#8217;uso e politica sulla privacy"},"content":{"rendered":"\n<p>Le seguenti politiche sono soggette a modifiche senza preavviso. L&#8217;ultimo aggiornamento risale al 2 aprile 2026. Se ha delle domande, pu\u00f2 contattarci utilizzando il modulo in fondo alla pagina.<\/p>\n\n<h2 class=\"wp-block-heading\">Informazioni legali<\/h2>\n\n<p>Editore e responsabile del sito :<\/p>\n\n<p>Claire Robinson &#8211; 76600 Le Havre &#8211; Claire(at)regionlovers.fr<\/p>\n\n<p>Ospitato da :<\/p>\n\n<p>WP Engine &#8211; Texas &#8211; Stati Uniti &#8211; <a href=\"https:\/\/wpengine.com\/contact\/\" rel=\"noreferrer noopener\" target=\"_blank\">Contatto<\/a><\/p>\n\n<p><strong>Azienda :<\/strong><\/p>\n\n<p>Region Lovers SAS<br\/>2 rue des sauveteurs<br\/>76600 Le Havre<br\/>Capitale sociale 6000\u20ac.<br\/>VAT FR21845103191<\/p>\n\n<hr class=\"wp-block-separator has-alpha-channel-opacity\"\/>\n\n<h2 class=\"wp-block-heading\">Privacy<\/h2>\n\n<p>Si prega di leggere attentamente la presente informativa sulla privacy per capire come Madeira Lovers (il Sito) ottiene, utilizza, protegge e gestisce in generale le informazioni di identificazione personale dell&#8217;utente quando utilizza questo sito.<\/p>\n\n<p><strong>Quali informazioni personali delle persone che visitano il mio sito vengono raccolte?<\/strong><\/p>\n\n<p>Quando commenta, ordina o ci invia un&#8217;e-mail, \u00e8 possibile che le venga chiesto il suo nome, l&#8217;indirizzo e-mail o altri dettagli per aiutarla nella sua esperienza.<\/p>\n\n<p><strong>Quando vengono raccolte queste informazioni?<\/strong><\/p>\n\n<p>Raccogliamo le sue informazioni quando si iscrive a una newsletter o agli aggiornamenti via e-mail, quando effettua un acquisto, quando completa un sondaggio o quando inserisce informazioni su questo sito (ad esempio, per scrivere un commento).<\/p>\n\n<p><strong>Come vengono utilizzate queste informazioni?<\/strong><\/p>\n\n<p>Possiamo utilizzare le informazioni raccolte nei seguenti modi:<\/p>\n\n<ul class=\"wp-block-list\">\n<li>Per personalizzare e fornire il tipo di contenuti e prodotti che la interessano di pi\u00f9.<\/li>\n\n\n\n<li>Per migliorare il sito, al fine di informarla meglio.<\/li>\n\n\n\n<li>Per inviare e-mail periodiche sul sito o su altri prodotti e servizi.<\/li>\n<\/ul>\n\n<p><strong>Non venderemo<\/strong> o divulgheremo<strong>mai<\/strong> le tue informazioni e se in qualsiasi momento desideri annullare l&#8217;iscrizione a qualsiasi comunicazione e-mail, puoi farlo utilizzando il link alla fine di ogni e-mail.<\/p>\n\n<p>Se desidera saperne di pi\u00f9 sull&#8217;uso e la conservazione dei suoi dati, utilizzi il modulo alla fine di questa pagina per contattarci.<\/p>\n\n<p><strong>Come vengono protette le informazioni dei visitatori del nostro sito?<\/strong><\/p>\n\n<p>Il sito web viene regolarmente scansionato per individuare le falle di sicurezza e i punti deboli noti, per rendere la sua visita il pi\u00f9 sicura possibile.<\/p>\n\n<p><strong>Utilizzo i cookie?<\/strong><\/p>\n\n<p>S\u00ec.\nI cookie sono piccoli file che un sito o il suo fornitore di servizi trasferisce sul disco rigido del suo computer attraverso il suo browser web (se lei lo consente) e che permettono al sito o al fornitore di servizi di riconoscere il suo browser e di acquisire e ricordare determinate informazioni.\nAd esempio, un sito pu\u00f2 utilizzare i cookie per aiutare a ricordare ed elaborare gli articoli nel carrello della spesa.\nVengono anche utilizzati per aiutare a compilare e analizzare i dati sul traffico del sito e le interazioni con il sito, per fornire esperienze migliori sul nostro sito e strumenti migliori per il futuro.   <\/p>\n\n<p>Madeira Lovers utilizza i cookie principalmente per compilare e analizzare i dati di traffico e le interazioni del sito, al fine di fornire esperienze e strumenti migliori per il futuro. Abbiamo anche cookie di affiliazione da siti web che raccomandano le mie guide di viaggio. Possiamo anche utilizzare servizi di siti terzi fidati per tracciare questi articoli per me.<\/p>\n\n<p>Pu\u00f2 scegliere che il suo computer la informi ogni volta che invia un cookie oppure pu\u00f2 scegliere di disabilitare tutti i cookie.\nLo fa nelle impostazioni del suo browser (come Internet Explorer, Safari o Google Chrome). <\/p>\n\n<p><strong>Link di terze parti<\/strong><\/p>\n\n<p>Occasionalmente, nei miei articoli possiamo inserire dei link a siti di terzi, ai loro prodotti o servizi. Questi siti hanno politiche sulla privacy indipendenti. Madeira Lovers non pu\u00f2 essere ritenuta responsabile del contenuto e dell&#8217;attivit\u00e0 dei siti collegati. Tuttavia, ci impegniamo per l&#8217;integrit\u00e0 e accogliamo con favore il feedback su questi siti.<\/p>\n\n<p><strong>Fornitori utilizzati :<\/strong><\/p>\n\n<ul class=\"wp-block-list\">\n<li>Per gestire l&#8217;accettazione dei cookie, Complianz<\/li>\n\n\n\n<li>Per il modulo di contatto e il modulo di iscrizione alla newsletter, Gravity Forms<\/li>\n\n\n\n<li>Per la newsletter, Mailchimp &#8211; <a href=\"https:\/\/mailchimp.com\/fr\/gdpr\/\" target=\"_blank\" rel=\"noreferrer noopener\">veda il loro accordo sulla protezione dei dati<\/a>.<\/li>\n\n\n\n<li>Per la vendita di e-book, viene utilizzata la piattaforma Sendowl<a href=\"https:\/\/www.sendowl.com\/privacy\" target=\"_blank\" rel=\"noreferrer noopener\">(informativa sulla privacy qui<\/a>) e i pagamenti con carta di credito vengono effettuati con Stripe<a href=\"https:\/\/stripe.com\/en-fr\/privacy\" target=\"_blank\" rel=\"noreferrer noopener\">(informativa sulla privacy qui<\/a>).<\/li>\n<\/ul>\n\n<hr class=\"wp-block-separator has-alpha-channel-opacity\"\/>\n\n<h3 class=\"wp-block-heading\">Pubblicit\u00e0 programmatica Mediavine (versione 1.1)<\/h3>\n\n<p>Il sito web collabora con Mediavine per gestire la pubblicit\u00e0 basata sugli interessi di terzi che appare sul sito web. Mediavine offre contenuti e pubblicit\u00e0 quando lei visita il sito web, che pu\u00f2 utilizzare cookie di prima e terza parte. Un cookie \u00e8 un piccolo file di testo inviato al suo computer o dispositivo mobile (indicato in questa informativa come &#8220;dispositivo&#8221;) dal server web, in modo che un sito web possa ricordare alcune informazioni sulla sua attivit\u00e0 di navigazione sul sito.<\/p>\n\n<p>I cookie di prima parte sono creati dal sito web che sta visitando. Un cookie di terze parti \u00e8 spesso utilizzato nella pubblicit\u00e0 e nell&#8217;analisi comportamentale e viene creato da un dominio diverso dal sito web che sta visitando. Cookie, tag, pixel, web beacon e altre tecnologie simili (collettivamente, &#8220;tag&#8221;) di terze parti possono essere collocati sul sito web per monitorare l&#8217;interazione con i contenuti pubblicitari e per indirizzare e ottimizzare la pubblicit\u00e0. Ogni browser Internet ha una funzione che le permette di bloccare i cookie di prima e terza parte e di cancellare la cache del browser. La funzione &#8220;Aiuto&#8221; nella barra dei menu della maggior parte dei browser le indicher\u00e0 come smettere di accettare nuovi cookie, come ricevere la notifica di nuovi cookie, come disattivare i cookie esistenti e come cancellare la memoria cache del suo browser. Per maggiori informazioni sui cookie e su come disattivarli, consulti le informazioni disponibili sul sito <a href=\"https:\/\/www.allaboutcookies.org\/manage-cookies\/\" target=\"_blank\" rel=\"noreferrer noopener\">All About Cookies<\/a>.<\/p>\n\n<p>Senza i cookie, potrebbe non essere in grado di sfruttare appieno i contenuti e le funzioni del sito web. La preghiamo di notare che rifiutare i cookie non significa che non vedr\u00e0 pi\u00f9 gli annunci pubblicitari quando visiter\u00e0 il nostro sito. Se rifiuta i cookie, continuer\u00e0 a vedere pubblicit\u00e0 non personalizzata sul sito web.<\/p>\n\n<p>Il sito web raccoglie i seguenti dati utilizzando un cookie durante la visualizzazione di annunci pubblicitari personalizzati:<\/p>\n\n<ul class=\"wp-block-list\">\n<li>Indirizzo IP<\/li>\n\n\n\n<li>Tipo di sistema operativo<\/li>\n\n\n\n<li>Versione del sistema operativo<\/li>\n\n\n\n<li>Tipo di apparecchio<\/li>\n\n\n\n<li>Lingua del sito<\/li>\n\n\n\n<li>Tipo di browser web<\/li>\n\n\n\n<li>Email (in forma spezzettata)<\/li>\n<\/ul>\n\n<p>I partner di Mediavine (le societ\u00e0 elencate di seguito con cui Mediavine condivide i dati) possono anche utilizzare questi dati per collegarli ad altre informazioni sull&#8217;utente finale che il partner ha raccolto in modo indipendente, al fine di fornire pubblicit\u00e0 mirata. Mediavine Partners pu\u00f2 anche raccogliere separatamente i dati dell&#8217;utente finale da altre fonti, come gli identificatori pubblicitari o i pixel, e collegare questi dati a quelli raccolti dagli editori Mediavine al fine di fornire pubblicit\u00e0 basata sugli interessi nella sua esperienza online, compresi i dispositivi, i browser e le applicazioni. Questi dati comprendono i dati di utilizzo, le informazioni sui cookie, le informazioni sui dispositivi, le informazioni sulle interazioni tra gli utenti e le pubblicit\u00e0 e i siti web, i dati di geolocalizzazione, i dati sul traffico e le informazioni sulla fonte di riferimento di un visitatore per un determinato sito web. Mediavine Partners pu\u00f2 anche creare identificatori unici per creare segmenti di pubblico, che vengono utilizzati per fornire pubblicit\u00e0 mirata.<\/p>\n\n<p>Se desidera maggiori informazioni su questa pratica e sulle scelte che pu\u00f2 fare per aderire o meno a questa raccolta di dati, visiti la <a href=\"https:\/\/thenai.org\/opt-out\/\" target=\"_blank\" rel=\"noreferrer noopener\">pagina di opt-out della National Advertising Initiative<\/a>. Pu\u00f2 anche consultare <a href=\"http:\/\/optout.aboutads.info\/#\/\" target=\"_blank\" rel=\"noreferrer noopener\">il sito web della Digital Advertising Alliance<\/a> e il <a href=\"http:\/\/optout.networkadvertising.org\/#\" target=\"_blank\" rel=\"noreferrer noopener\">sito web della Network Advertising Initiative<\/a> per ulteriori informazioni sulla pubblicit\u00e0 basata sugli interessi. Pu\u00f2 scaricare l&#8217;applicazione AppChoices dal <a href=\"https:\/\/youradchoices.com\/appchoices\" target=\"_blank\" rel=\"noreferrer noopener\">sito AppChoices della Digital Advertising Alliance<\/a> per rinunciare alla pubblicit\u00e0 sulle applicazioni mobili, oppure utilizzare i controlli della piattaforma sul suo dispositivo mobile per rinunciare alla pubblicit\u00e0 basata sugli interessi.<\/p>\n\n<p>Per informazioni specifiche sui partner di Mediavine, sui dati che raccolgono e sulle loro politiche di raccolta dati e di privacy, visiti il sito web <a href=\"https:\/\/www.mediavine.com\/ad-partners\/\" target=\"_blank\" rel=\"noreferrer noopener\">Mediavine Partners<\/a>.<\/p>\n\n<h2 class=\"wp-block-heading\">Condizioni d&#8217;uso<\/h2>\n\n<h3 class=\"wp-block-heading\">I nostri servizi<\/h3>\n\n<p>Non possiamo essere ritenuti responsabili di eventuali ritardi o interruzioni del sito web.\nCi impegniamo a compiere sforzi commercialmente ragionevoli per ridurre al minimo i ritardi e le interruzioni.\nTuttavia, non possiamo garantire che il sito sia sempre disponibile o in determinati orari.  <\/p>\n\n<p>Possiamo, a nostra discrezione e senza preavviso, disattivare il sito in tutto o in parte.\nTuttavia, non possiamo essere responsabili di eventuali perdite, costi, danni o responsabilit\u00e0 derivanti dall&#8217;interruzione del sito web. <\/p>\n\n<h3 class=\"wp-block-heading\">Comportamento vietato<\/h3>\n\n<p>In relazione a questo sito web, lei non deve :<\/p>\n\n<ul class=\"wp-block-list\">\n<li>Utilizzare il Sito web per qualsiasi attivit\u00e0 o pubblicare o trasmettere tramite il Sito web informazioni o materiali che contravvengano a qualsiasi legge o regolamento, violino i diritti di terzi o siano contrari a qualsiasi norma o codice applicabile;<\/li>\n\n\n\n<li>Utilizzare il Sito web per pubblicare o trasmettere qualsiasi materiale che interferisca con altri utenti o che diffami, molesti, minacci, offenda o limiti o inibisca l&#8217;accesso di qualsiasi utente al Sito web o a Internet;<\/li>\n\n\n\n<li>Utilizzare il Sito web per inviare messaggi elettronici non richiesti;<\/li>\n\n\n\n<li>Manomettere, interferire o modificare il Sito web in qualsiasi modo;<\/li>\n\n\n\n<li>trasmettere consapevolmente virus o altre funzioni disabilitanti a o attraverso il Sito web; oppure<\/li>\n\n\n\n<li>Tentare di compiere uno dei suddetti atti o facilitare o assistere un&#8217;altra persona a compiere uno dei suddetti atti.<\/li>\n<\/ul>\n\n<h3 class=\"wp-block-heading\">Propriet\u00e0 intellettuale<\/h3>\n\n<p>Il materiale del Sito web, compresi il software, il design, il testo, le immagini e la grafica inclusi nel Sito web e la selezione e la disposizione del Sito web sono di propriet\u00e0 di Normandie Lovers.<\/p>\n\n<p>L&#8217;uso del Sito web non le concede alcuna licenza o diritto di utilizzare alcun marchio o logo, registrato o non registrato, visibile sul Sito web senza l&#8217;espressa autorizzazione scritta del proprietario del marchio.<\/p>\n\n<p>Possediamo il copyright di tutte le opere creative o letterarie pubblicate sul Sito web.<\/p>\n\n<p>Non deve :<\/p>\n\n<ul class=\"wp-block-list\">\n<li>Riprodurre o utilizzare qualsiasi materiale del Sito web per qualsiasi scopo commerciale o non commerciale, compresa la vendita;<\/li>\n\n\n\n<li>Modificare in qualsiasi modo i materiali presenti sul Sito web; oppure<\/li>\n\n\n\n<li>Agire in modo tale che qualsiasi elemento del Sito web possa essere incorniciato o incorporato in un altro sito web.<\/li>\n<\/ul>\n\n<p>In sintesi, non deve modificare, copiare, riprodurre, ripubblicare, incorniciare, caricare su terzi, pubblicare, trasmettere o distribuire il contenuto del Sito web in alcun modo, salvo quanto espressamente previsto da noi o quanto espressamente autorizzato per iscritto da noi.<\/p>\n\n<p>Nel caso in cui lei compia una delle azioni sopra descritte, non esiter\u00f2 a far valere i nostri diritti di propriet\u00e0 intellettuale nei suoi confronti.<\/p>\n\n<h3 class=\"wp-block-heading\"><strong>Solo informazioni generali<\/strong><\/h3>\n\n<p>La nostra intenzione, con le informazioni presenti sul nostro sito web, \u00e8 quella di fornire semplicemente una panoramica dei punti di interesse.\nLe informazioni contenute nel nostro Sito web non intendono essere esaustive, n\u00e9 costituiscono in alcun modo consigli o raccomandazioni.\nCerchiamo di assicurare che il contenuto sia attuale e preciso, ma non ne garantiamo la validit\u00e0 e l&#8217;accuratezza.\nPrima di agire o fare affidamento sulle informazioni contenute nel nostro Sito web, deve condurre una propria ricerca e\/o informarsi.   <\/p>\n\n<h3 class=\"wp-block-heading\"><strong>Collegamenti con terze parti<\/strong><\/h3>\n\n<p>Il Sito web pu\u00f2 contenere collegamenti ipertestuali e altri puntatori a siti web gestiti da terzi (Siti web collegati).\nNon controlliamo alcun sito web collegato e non siamo pertanto responsabili del contenuto del sito web collegato o di qualsiasi link ipertestuale contenuto nel sito web collegato.\nForniamo i collegamenti ipertestuali solo per sua comodit\u00e0 e non indicano, in modo esplicito o implicito, alcun avallo, sponsorizzazione o approvazione da parte nostra di qualsiasi Sito web collegato o dei prodotti o servizi offerti dai Siti web collegati.  <\/p>\n\n<p>Lei visita i siti web collegati interamente a suo rischio e pericolo.<\/p>\n\n<p>Non forniamo alcuna garanzia n\u00e9 ci assumiamo alcuna responsabilit\u00e0 per qualsiasi aspetto dei Siti collegati e del loro contenuto.<\/p>\n\n<p>Dovrebbe effettuare le proprie indagini sull&#8217;idoneit\u00e0 dei beni e\/o servizi che le vengono offerti tramite un sito web collegato.<\/p>\n\n<h3 class=\"wp-block-heading\">Compensazione<\/h3>\n\n<p>Utilizzando il Sito web, <strong>lei<\/strong>accetta di tenerci indenni da e contro qualsiasi azione, reclamo, causa, richiesta, danno, e per responsabilit\u00e0, costi o spese (sia per illecito che per contratto, inclusa, senza limitazioni, la negligenza) derivanti da o in relazione all&#8217;utilizzo del Sito web da parte sua.<\/p>\n\n<hr class=\"wp-block-separator has-alpha-channel-opacity\"\/>\n\n<h2 class=\"wp-block-heading\" id=\"tab-con-1\">Divulgazione<\/h2>\n\n<h3 class=\"wp-block-heading\">Collaborazioni<\/h3>\n\n<p>Madeira Lovers <strong>non<\/strong> collabora con marchi <strong>o<\/strong> uffici turistici.<\/p>\n\n<p>Madeira Lovers dar\u00e0 sempre la sua vera opinione sulle sue scoperte, convinzioni ed esperienze su questi argomenti. Le opinioni e i pareri espressi in questo blog sono quelli dei rispettivi autori. Qualsiasi dichiarazione fatta su un prodotto, un servizio o un altro articolo deve essere verificata con il produttore, il fornitore o la persona responsabile dell&#8217;argomento in questione.<\/p>\n\n<h3 class=\"wp-block-heading\"><strong>Link di affiliazione<\/strong><\/h3>\n\n<p>In alcuni casi, possiamo includere link di affiliazione in alcuni post in cui raccomandiamo prodotti o servizi specifici.\nSe acquista qualcosa attraverso uno di questi link affiliati, riceviamo una piccola commissione senza alcun costo aggiuntivo per lei. <\/p>\n\n<p>Madeira Lovers partecipa ai Programmi Partner di Amazon per l&#8217;Unione Europea, gli Stati Uniti, il Regno Unito e la California, programmi di affiliazione progettati per consentire ai siti web di guadagnare collegandosi ad Amazon.<\/p>\n\n<hr class=\"wp-block-separator has-alpha-channel-opacity\"\/>\n\n<h2 class=\"wp-block-heading\" id=\"tab-con-7\">Contatto<\/h2>\n\n<p><a href=\"https:\/\/madeiralovers.com\/it\/contatto\/\">Veda il modulo di contatto<\/a><\/p>\n","protected":false},"excerpt":{"rendered":"<p>Le seguenti politiche sono soggette a modifiche senza preavviso. L&#8217;ultimo aggiornamento risale al 2 aprile 2026. Se ha delle domande, pu\u00f2 contattarci utilizzando il modulo in fondo alla pagina. Informazioni legali Editore e responsabile del sito : Claire Robinson &#8211; 76600 Le Havre &#8211; Claire(at)regionlovers.fr Ospitato da : WP Engine &#8211; Texas &#8211; Stati Uniti [&hellip;]<\/p>\n","protected":false},"author":3,"featured_media":0,"parent":0,"menu_order":0,"comment_status":"closed","ping_status":"closed","template":"","meta":{"_genesis_hide_title":false,"_genesis_hide_breadcrumbs":false,"_genesis_hide_singular_image":false,"_genesis_hide_footer_widgets":false,"_genesis_custom_body_class":"","_genesis_custom_post_class":"","_genesis_layout":"","footnotes":""},"class_list":{"0":"post-81","1":"page","2":"type-page","3":"status-publish","5":"entry"},"yoast_head":"<!-- This site is optimized with the Yoast SEO plugin v27.2 - https:\/\/yoast.com\/product\/yoast-seo-wordpress\/ -->\n<title>Avviso legale, condizioni d&#039;uso e politica sulla privacy<\/title>\n<meta name=\"description\" content=\"Nota legale, condizioni d&#039;uso e politica sulla privacy - de Region Lovers\" \/>\n<meta name=\"robots\" content=\"index, follow, max-snippet:-1, max-image-preview:large, max-video-preview:-1\" \/>\n<link rel=\"canonical\" href=\"https:\/\/madeiralovers.com\/it\/politiche\/\" \/>\n<meta property=\"og:locale\" content=\"it_IT\" \/>\n<meta property=\"og:type\" content=\"article\" \/>\n<meta property=\"og:title\" content=\"Avviso legale, condizioni d&#039;uso e politica sulla privacy\" \/>\n<meta property=\"og:description\" content=\"Nota legale, condizioni d&#039;uso e politica sulla privacy - de Region Lovers\" \/>\n<meta property=\"og:url\" content=\"https:\/\/madeiralovers.com\/it\/politiche\/\" \/>\n<meta property=\"og:site_name\" content=\"Madeira Lovers\" \/>\n<meta property=\"article:modified_time\" content=\"2026-04-02T14:03:28+00:00\" \/>\n<meta name=\"twitter:card\" content=\"summary_large_image\" \/>\n<meta name=\"twitter:label1\" content=\"Tempo di lettura stimato\" \/>\n\t<meta name=\"twitter:data1\" content=\"10 minuti\" \/>\n<script type=\"application\/ld+json\" class=\"yoast-schema-graph\">{\"@context\":\"https:\/\/schema.org\",\"@graph\":[{\"@type\":\"WebPage\",\"@id\":\"https:\/\/madeiralovers.com\/it\/politiche\/\",\"url\":\"https:\/\/madeiralovers.com\/it\/politiche\/\",\"name\":\"Avviso legale, condizioni d'uso e politica sulla privacy\",\"isPartOf\":{\"@id\":\"https:\/\/madeiralovers.com\/it\/#website\"},\"datePublished\":\"2024-01-20T08:23:10+00:00\",\"dateModified\":\"2026-04-02T14:03:28+00:00\",\"description\":\"Nota legale, condizioni d'uso e politica sulla privacy - de Region Lovers\",\"breadcrumb\":{\"@id\":\"https:\/\/madeiralovers.com\/it\/politiche\/#breadcrumb\"},\"inLanguage\":\"it-IT\",\"potentialAction\":[{\"@type\":\"ReadAction\",\"target\":[\"https:\/\/madeiralovers.com\/it\/politiche\/\"]}]},{\"@type\":\"BreadcrumbList\",\"@id\":\"https:\/\/madeiralovers.com\/it\/politiche\/#breadcrumb\",\"itemListElement\":[{\"@type\":\"ListItem\",\"position\":1,\"name\":\"Accueil\",\"item\":\"https:\/\/madeiralovers.com\/it\/\"},{\"@type\":\"ListItem\",\"position\":2,\"name\":\"Avviso legale, condizioni d&rsquo;uso e politica sulla privacy\"}]},{\"@type\":\"WebSite\",\"@id\":\"https:\/\/madeiralovers.com\/it\/#website\",\"url\":\"https:\/\/madeiralovers.com\/it\/\",\"name\":\"Madeira Lovers\",\"description\":\"Pour r\u00e9veiller vos sens \u00e0 Mad\u00e8re\",\"publisher\":{\"@id\":\"https:\/\/madeiralovers.com\/it\/#organization\"},\"potentialAction\":[{\"@type\":\"SearchAction\",\"target\":{\"@type\":\"EntryPoint\",\"urlTemplate\":\"https:\/\/madeiralovers.com\/it\/?s={search_term_string}\"},\"query-input\":{\"@type\":\"PropertyValueSpecification\",\"valueRequired\":true,\"valueName\":\"search_term_string\"}}],\"inLanguage\":\"it-IT\"},{\"@type\":\"Organization\",\"@id\":\"https:\/\/madeiralovers.com\/it\/#organization\",\"name\":\"Madeira Lovers\",\"url\":\"https:\/\/madeiralovers.com\/it\/\",\"logo\":{\"@type\":\"ImageObject\",\"inLanguage\":\"it-IT\",\"@id\":\"https:\/\/madeiralovers.com\/it\/#\/schema\/logo\/image\/\",\"url\":\"https:\/\/madeiralovers.com\/wp-content\/uploads\/2024\/05\/cropped-Madeira-Lovers-Logos.png\",\"contentUrl\":\"https:\/\/madeiralovers.com\/wp-content\/uploads\/2024\/05\/cropped-Madeira-Lovers-Logos.png\",\"width\":2500,\"height\":554,\"caption\":\"Madeira Lovers\"},\"image\":{\"@id\":\"https:\/\/madeiralovers.com\/it\/#\/schema\/logo\/image\/\"}}]}<\/script>\n<!-- \/ Yoast SEO plugin. -->","yoast_head_json":{"title":"Avviso legale, condizioni d'uso e politica sulla privacy","description":"Nota legale, condizioni d'uso e politica sulla privacy - de Region Lovers","robots":{"index":"index","follow":"follow","max-snippet":"max-snippet:-1","max-image-preview":"max-image-preview:large","max-video-preview":"max-video-preview:-1"},"canonical":"https:\/\/madeiralovers.com\/it\/politiche\/","og_locale":"it_IT","og_type":"article","og_title":"Avviso legale, condizioni d'uso e politica sulla privacy","og_description":"Nota legale, condizioni d'uso e politica sulla privacy - de Region Lovers","og_url":"https:\/\/madeiralovers.com\/it\/politiche\/","og_site_name":"Madeira Lovers","article_modified_time":"2026-04-02T14:03:28+00:00","twitter_card":"summary_large_image","twitter_misc":{"Tempo di lettura stimato":"10 minuti"},"schema":{"@context":"https:\/\/schema.org","@graph":[{"@type":"WebPage","@id":"https:\/\/madeiralovers.com\/it\/politiche\/","url":"https:\/\/madeiralovers.com\/it\/politiche\/","name":"Avviso legale, condizioni d'uso e politica sulla privacy","isPartOf":{"@id":"https:\/\/madeiralovers.com\/it\/#website"},"datePublished":"2024-01-20T08:23:10+00:00","dateModified":"2026-04-02T14:03:28+00:00","description":"Nota legale, condizioni d'uso e politica sulla privacy - de Region Lovers","breadcrumb":{"@id":"https:\/\/madeiralovers.com\/it\/politiche\/#breadcrumb"},"inLanguage":"it-IT","potentialAction":[{"@type":"ReadAction","target":["https:\/\/madeiralovers.com\/it\/politiche\/"]}]},{"@type":"BreadcrumbList","@id":"https:\/\/madeiralovers.com\/it\/politiche\/#breadcrumb","itemListElement":[{"@type":"ListItem","position":1,"name":"Accueil","item":"https:\/\/madeiralovers.com\/it\/"},{"@type":"ListItem","position":2,"name":"Avviso legale, condizioni d&rsquo;uso e politica sulla privacy"}]},{"@type":"WebSite","@id":"https:\/\/madeiralovers.com\/it\/#website","url":"https:\/\/madeiralovers.com\/it\/","name":"Madeira Lovers","description":"Pour r\u00e9veiller vos sens \u00e0 Mad\u00e8re","publisher":{"@id":"https:\/\/madeiralovers.com\/it\/#organization"},"potentialAction":[{"@type":"SearchAction","target":{"@type":"EntryPoint","urlTemplate":"https:\/\/madeiralovers.com\/it\/?s={search_term_string}"},"query-input":{"@type":"PropertyValueSpecification","valueRequired":true,"valueName":"search_term_string"}}],"inLanguage":"it-IT"},{"@type":"Organization","@id":"https:\/\/madeiralovers.com\/it\/#organization","name":"Madeira Lovers","url":"https:\/\/madeiralovers.com\/it\/","logo":{"@type":"ImageObject","inLanguage":"it-IT","@id":"https:\/\/madeiralovers.com\/it\/#\/schema\/logo\/image\/","url":"https:\/\/madeiralovers.com\/wp-content\/uploads\/2024\/05\/cropped-Madeira-Lovers-Logos.png","contentUrl":"https:\/\/madeiralovers.com\/wp-content\/uploads\/2024\/05\/cropped-Madeira-Lovers-Logos.png","width":2500,"height":554,"caption":"Madeira Lovers"},"image":{"@id":"https:\/\/madeiralovers.com\/it\/#\/schema\/logo\/image\/"}}]}},"featured_image_src":null,"featured_image_src_square":null,"_links":{"self":[{"href":"https:\/\/madeiralovers.com\/it\/wp-json\/wp\/v2\/pages\/81","targetHints":{"allow":["GET"]}}],"collection":[{"href":"https:\/\/madeiralovers.com\/it\/wp-json\/wp\/v2\/pages"}],"about":[{"href":"https:\/\/madeiralovers.com\/it\/wp-json\/wp\/v2\/types\/page"}],"author":[{"embeddable":true,"href":"https:\/\/madeiralovers.com\/it\/wp-json\/wp\/v2\/users\/3"}],"replies":[{"embeddable":true,"href":"https:\/\/madeiralovers.com\/it\/wp-json\/wp\/v2\/comments?post=81"}],"version-history":[{"count":0,"href":"https:\/\/madeiralovers.com\/it\/wp-json\/wp\/v2\/pages\/81\/revisions"}],"wp:attachment":[{"href":"https:\/\/madeiralovers.com\/it\/wp-json\/wp\/v2\/media?parent=81"}],"curies":[{"name":"wp","href":"https:\/\/api.w.org\/{rel}","templated":true}]}}