{"id":721,"date":"2024-02-18T11:00:10","date_gmt":"2024-02-18T10:00:10","guid":{"rendered":"https:\/\/madeiralovers.com\/a-propos-delisa-grosset\/"},"modified":"2025-09-03T10:30:02","modified_gmt":"2025-09-03T09:30:02","slug":"a-propos-delisa-grosset","status":"publish","type":"page","link":"https:\/\/madeiralovers.com\/es\/a-propos-delisa-grosset\/","title":{"rendered":"Sobre Elisa GROSSET"},"content":{"rendered":"\n<p>Conozca a Elisa, empleada de Region Lovers, una empresa feliz que lleva m\u00e1s de 10 a\u00f1os recorriendo el mundo para ofrecerle informaci\u00f3n certificada, de calidad y \u00fatil. Queremos ayudarle a tomar las decisiones que necesita para construir un viaje a su medida.<\/p>\n\n<p>El equipo ha crecido con los a\u00f1os, pero Elisa, como todos los autores de Region Lovers, respeta un marco y unos valores, para cumplir nuestro contrato de confianza con nuestros lectores. Afortunadamente, sin embargo, cada art\u00edculo es siempre un reflejo de su autor y de sus pasiones.<\/p>\n<div class=\"wp-block-image\">\n<figure class=\"aligncenter size-large\"><img decoding=\"async\" src=\"https:\/\/photos.smugmug.com\/Region-Lovers\/Equipe\/i-QnrB7DM\/0\/1599e528\/L\/Elisa-L.jpg\" alt=\"\"\/><\/figure>\n<\/div>\n<h2 class=\"wp-block-heading\">Su carrera<\/h2>\n\n<ul class=\"wp-block-list\">\n<li>Formaci\u00f3n orientada a la cultura, y m\u00e1s concretamente al mundo del libro (m\u00e1ster en edici\u00f3n).<\/li>\n\n\n\n<li>Experiencia profesional en editoriales y consultor\u00edas.<\/li>\n\n\n\n<li>Un verdadero inter\u00e9s por viajar (pr\u00e1cticas en Montreal, a\u00f1o de Erasmus en Escocia).<\/li>\n\n\n\n<li>\u00a1Se uni\u00f3 a la aventura de los Region Lovers en abril de 2023!<\/li>\n<\/ul>\n\n<p class=\"has-text-align-left\">Descubre tu <a href=\"https:\/\/www.linkedin.com\/in\/elisa-grosset-1a1612193\/\" target=\"_blank\" rel=\"noreferrer noopener nofollow\">perfil en Linkedin<\/a><\/p>\n\n<h2 class=\"wp-block-heading\">Lo que m\u00e1s le gusta escribir<\/h2>\n\n<ul class=\"wp-block-list\">\n<li>Art\u00edculos sobre los destinos con los que sue\u00f1a<\/li>\n\n\n\n<li>Art\u00edculos sobre las actividades imprescindibles de una ciudad: museos, castillos, lugares culturales, etc.<\/li>\n\n\n\n<li>Art\u00edculos sobre los mejores restaurantes, ya que es una apasionada de la gastronom\u00eda local.<\/li>\n<\/ul>\n","protected":false},"excerpt":{"rendered":"<p>Conozca a Elisa, empleada de Region Lovers, una empresa feliz que lleva m\u00e1s de 10 a\u00f1os recorriendo el mundo para ofrecerle informaci\u00f3n certificada, de calidad y \u00fatil. Queremos ayudarle a tomar las decisiones que necesita para construir un viaje a su medida. El equipo ha crecido con los a\u00f1os, pero Elisa, como todos los autores [&hellip;]<\/p>\n","protected":false},"author":3,"featured_media":0,"parent":0,"menu_order":0,"comment_status":"closed","ping_status":"closed","template":"","meta":{"_genesis_hide_title":false,"_genesis_hide_breadcrumbs":false,"_genesis_hide_singular_image":false,"_genesis_hide_footer_widgets":false,"_genesis_custom_body_class":"","_genesis_custom_post_class":"","_genesis_layout":"","footnotes":""},"class_list":{"0":"post-721","1":"page","2":"type-page","3":"status-publish","5":"entry"},"yoast_head":"<!-- This site is optimized with the Yoast SEO plugin v27.2 - https:\/\/yoast.com\/product\/yoast-seo-wordpress\/ -->\n<title>Sobre Elisa GROSSET<\/title>\n<meta name=\"robots\" content=\"index, follow, max-snippet:-1, max-image-preview:large, max-video-preview:-1\" \/>\n<link rel=\"canonical\" href=\"https:\/\/madeiralovers.com\/es\/a-propos-delisa-grosset\/\" \/>\n<meta property=\"og:locale\" content=\"es_ES\" \/>\n<meta property=\"og:type\" content=\"article\" \/>\n<meta property=\"og:title\" content=\"Sobre Elisa GROSSET\" \/>\n<meta property=\"og:description\" content=\"Conozca a Elisa, empleada de Region Lovers, una empresa feliz que lleva m\u00e1s de 10 a\u00f1os recorriendo el mundo para ofrecerle informaci\u00f3n certificada, de calidad y \u00fatil. Queremos ayudarle a tomar las decisiones que necesita para construir un viaje a su medida. El equipo ha crecido con los a\u00f1os, pero Elisa, como todos los autores [&hellip;]\" \/>\n<meta property=\"og:url\" content=\"https:\/\/madeiralovers.com\/es\/a-propos-delisa-grosset\/\" \/>\n<meta property=\"og:site_name\" content=\"Madeira Lovers\" \/>\n<meta property=\"article:modified_time\" content=\"2025-09-03T09:30:02+00:00\" \/>\n<meta property=\"og:image\" content=\"https:\/\/photos.smugmug.com\/Region-Lovers\/Equipe\/i-QnrB7DM\/0\/1599e528\/L\/Elisa-L.jpg\" \/>\n<meta name=\"twitter:card\" content=\"summary_large_image\" \/>\n<meta name=\"twitter:label1\" content=\"Tiempo de lectura\" \/>\n\t<meta name=\"twitter:data1\" content=\"1 minuto\" \/>\n<script type=\"application\/ld+json\" class=\"yoast-schema-graph\">{\"@context\":\"https:\/\/schema.org\",\"@graph\":[{\"@type\":\"WebPage\",\"@id\":\"https:\/\/madeiralovers.com\/es\/a-propos-delisa-grosset\/\",\"url\":\"https:\/\/madeiralovers.com\/es\/a-propos-delisa-grosset\/\",\"name\":\"Sobre Elisa GROSSET\",\"isPartOf\":{\"@id\":\"https:\/\/madeiralovers.com\/es\/#website\"},\"primaryImageOfPage\":{\"@id\":\"https:\/\/madeiralovers.com\/es\/a-propos-delisa-grosset\/#primaryimage\"},\"image\":{\"@id\":\"https:\/\/madeiralovers.com\/es\/a-propos-delisa-grosset\/#primaryimage\"},\"thumbnailUrl\":\"https:\/\/photos.smugmug.com\/Region-Lovers\/Equipe\/i-QnrB7DM\/0\/1599e528\/L\/Elisa-L.jpg\",\"datePublished\":\"2024-02-18T10:00:10+00:00\",\"dateModified\":\"2025-09-03T09:30:02+00:00\",\"breadcrumb\":{\"@id\":\"https:\/\/madeiralovers.com\/es\/a-propos-delisa-grosset\/#breadcrumb\"},\"inLanguage\":\"es\",\"potentialAction\":[{\"@type\":\"ReadAction\",\"target\":[\"https:\/\/madeiralovers.com\/es\/a-propos-delisa-grosset\/\"]}]},{\"@type\":\"ImageObject\",\"inLanguage\":\"es\",\"@id\":\"https:\/\/madeiralovers.com\/es\/a-propos-delisa-grosset\/#primaryimage\",\"url\":\"https:\/\/photos.smugmug.com\/Region-Lovers\/Equipe\/i-QnrB7DM\/0\/1599e528\/L\/Elisa-L.jpg\",\"contentUrl\":\"https:\/\/photos.smugmug.com\/Region-Lovers\/Equipe\/i-QnrB7DM\/0\/1599e528\/L\/Elisa-L.jpg\"},{\"@type\":\"BreadcrumbList\",\"@id\":\"https:\/\/madeiralovers.com\/es\/a-propos-delisa-grosset\/#breadcrumb\",\"itemListElement\":[{\"@type\":\"ListItem\",\"position\":1,\"name\":\"Accueil\",\"item\":\"https:\/\/madeiralovers.com\/es\/\"},{\"@type\":\"ListItem\",\"position\":2,\"name\":\"Sobre Elisa GROSSET\"}]},{\"@type\":\"WebSite\",\"@id\":\"https:\/\/madeiralovers.com\/es\/#website\",\"url\":\"https:\/\/madeiralovers.com\/es\/\",\"name\":\"Madeira Lovers\",\"description\":\"Pour r\u00e9veiller vos sens \u00e0 Mad\u00e8re\",\"publisher\":{\"@id\":\"https:\/\/madeiralovers.com\/es\/#organization\"},\"potentialAction\":[{\"@type\":\"SearchAction\",\"target\":{\"@type\":\"EntryPoint\",\"urlTemplate\":\"https:\/\/madeiralovers.com\/es\/?s={search_term_string}\"},\"query-input\":{\"@type\":\"PropertyValueSpecification\",\"valueRequired\":true,\"valueName\":\"search_term_string\"}}],\"inLanguage\":\"es\"},{\"@type\":\"Organization\",\"@id\":\"https:\/\/madeiralovers.com\/es\/#organization\",\"name\":\"Madeira Lovers\",\"url\":\"https:\/\/madeiralovers.com\/es\/\",\"logo\":{\"@type\":\"ImageObject\",\"inLanguage\":\"es\",\"@id\":\"https:\/\/madeiralovers.com\/es\/#\/schema\/logo\/image\/\",\"url\":\"https:\/\/madeiralovers.com\/wp-content\/uploads\/2024\/05\/cropped-Madeira-Lovers-Logos.png\",\"contentUrl\":\"https:\/\/madeiralovers.com\/wp-content\/uploads\/2024\/05\/cropped-Madeira-Lovers-Logos.png\",\"width\":2500,\"height\":554,\"caption\":\"Madeira Lovers\"},\"image\":{\"@id\":\"https:\/\/madeiralovers.com\/es\/#\/schema\/logo\/image\/\"}}]}<\/script>\n<!-- \/ Yoast SEO plugin. -->","yoast_head_json":{"title":"Sobre Elisa GROSSET","robots":{"index":"index","follow":"follow","max-snippet":"max-snippet:-1","max-image-preview":"max-image-preview:large","max-video-preview":"max-video-preview:-1"},"canonical":"https:\/\/madeiralovers.com\/es\/a-propos-delisa-grosset\/","og_locale":"es_ES","og_type":"article","og_title":"Sobre Elisa GROSSET","og_description":"Conozca a Elisa, empleada de Region Lovers, una empresa feliz que lleva m\u00e1s de 10 a\u00f1os recorriendo el mundo para ofrecerle informaci\u00f3n certificada, de calidad y \u00fatil. Queremos ayudarle a tomar las decisiones que necesita para construir un viaje a su medida. El equipo ha crecido con los a\u00f1os, pero Elisa, como todos los autores [&hellip;]","og_url":"https:\/\/madeiralovers.com\/es\/a-propos-delisa-grosset\/","og_site_name":"Madeira Lovers","article_modified_time":"2025-09-03T09:30:02+00:00","og_image":[{"url":"https:\/\/photos.smugmug.com\/Region-Lovers\/Equipe\/i-QnrB7DM\/0\/1599e528\/L\/Elisa-L.jpg","type":"","width":"","height":""}],"twitter_card":"summary_large_image","twitter_misc":{"Tiempo de lectura":"1 minuto"},"schema":{"@context":"https:\/\/schema.org","@graph":[{"@type":"WebPage","@id":"https:\/\/madeiralovers.com\/es\/a-propos-delisa-grosset\/","url":"https:\/\/madeiralovers.com\/es\/a-propos-delisa-grosset\/","name":"Sobre Elisa GROSSET","isPartOf":{"@id":"https:\/\/madeiralovers.com\/es\/#website"},"primaryImageOfPage":{"@id":"https:\/\/madeiralovers.com\/es\/a-propos-delisa-grosset\/#primaryimage"},"image":{"@id":"https:\/\/madeiralovers.com\/es\/a-propos-delisa-grosset\/#primaryimage"},"thumbnailUrl":"https:\/\/photos.smugmug.com\/Region-Lovers\/Equipe\/i-QnrB7DM\/0\/1599e528\/L\/Elisa-L.jpg","datePublished":"2024-02-18T10:00:10+00:00","dateModified":"2025-09-03T09:30:02+00:00","breadcrumb":{"@id":"https:\/\/madeiralovers.com\/es\/a-propos-delisa-grosset\/#breadcrumb"},"inLanguage":"es","potentialAction":[{"@type":"ReadAction","target":["https:\/\/madeiralovers.com\/es\/a-propos-delisa-grosset\/"]}]},{"@type":"ImageObject","inLanguage":"es","@id":"https:\/\/madeiralovers.com\/es\/a-propos-delisa-grosset\/#primaryimage","url":"https:\/\/photos.smugmug.com\/Region-Lovers\/Equipe\/i-QnrB7DM\/0\/1599e528\/L\/Elisa-L.jpg","contentUrl":"https:\/\/photos.smugmug.com\/Region-Lovers\/Equipe\/i-QnrB7DM\/0\/1599e528\/L\/Elisa-L.jpg"},{"@type":"BreadcrumbList","@id":"https:\/\/madeiralovers.com\/es\/a-propos-delisa-grosset\/#breadcrumb","itemListElement":[{"@type":"ListItem","position":1,"name":"Accueil","item":"https:\/\/madeiralovers.com\/es\/"},{"@type":"ListItem","position":2,"name":"Sobre Elisa GROSSET"}]},{"@type":"WebSite","@id":"https:\/\/madeiralovers.com\/es\/#website","url":"https:\/\/madeiralovers.com\/es\/","name":"Madeira Lovers","description":"Pour r\u00e9veiller vos sens \u00e0 Mad\u00e8re","publisher":{"@id":"https:\/\/madeiralovers.com\/es\/#organization"},"potentialAction":[{"@type":"SearchAction","target":{"@type":"EntryPoint","urlTemplate":"https:\/\/madeiralovers.com\/es\/?s={search_term_string}"},"query-input":{"@type":"PropertyValueSpecification","valueRequired":true,"valueName":"search_term_string"}}],"inLanguage":"es"},{"@type":"Organization","@id":"https:\/\/madeiralovers.com\/es\/#organization","name":"Madeira Lovers","url":"https:\/\/madeiralovers.com\/es\/","logo":{"@type":"ImageObject","inLanguage":"es","@id":"https:\/\/madeiralovers.com\/es\/#\/schema\/logo\/image\/","url":"https:\/\/madeiralovers.com\/wp-content\/uploads\/2024\/05\/cropped-Madeira-Lovers-Logos.png","contentUrl":"https:\/\/madeiralovers.com\/wp-content\/uploads\/2024\/05\/cropped-Madeira-Lovers-Logos.png","width":2500,"height":554,"caption":"Madeira Lovers"},"image":{"@id":"https:\/\/madeiralovers.com\/es\/#\/schema\/logo\/image\/"}}]}},"featured_image_src":null,"featured_image_src_square":null,"_links":{"self":[{"href":"https:\/\/madeiralovers.com\/es\/wp-json\/wp\/v2\/pages\/721","targetHints":{"allow":["GET"]}}],"collection":[{"href":"https:\/\/madeiralovers.com\/es\/wp-json\/wp\/v2\/pages"}],"about":[{"href":"https:\/\/madeiralovers.com\/es\/wp-json\/wp\/v2\/types\/page"}],"author":[{"embeddable":true,"href":"https:\/\/madeiralovers.com\/es\/wp-json\/wp\/v2\/users\/3"}],"replies":[{"embeddable":true,"href":"https:\/\/madeiralovers.com\/es\/wp-json\/wp\/v2\/comments?post=721"}],"version-history":[{"count":0,"href":"https:\/\/madeiralovers.com\/es\/wp-json\/wp\/v2\/pages\/721\/revisions"}],"wp:attachment":[{"href":"https:\/\/madeiralovers.com\/es\/wp-json\/wp\/v2\/media?parent=721"}],"curies":[{"name":"wp","href":"https:\/\/api.w.org\/{rel}","templated":true}]}}